{"id":11,"date":"2018-11-20T19:58:09","date_gmt":"2018-11-20T18:58:09","guid":{"rendered":"http:\/\/globalstudio.local\/?page_id=11"},"modified":"2024-06-10T17:20:32","modified_gmt":"2024-06-10T15:20:32","slug":"global-studio","status":"publish","type":"page","link":"https:\/\/globalstudio.film\/pl\/o-nas\/global-studio\/","title":{"rendered":"Global studio"},"content":{"rendered":"<p><span style=\"font-weight: 400;\">Global Studio to&nbsp;niezale\u017cny producent filmowy. Film i&nbsp;kino to&nbsp;nasza pasja.\u00a0<\/span><span style=\"font-weight: 400;\">Pracujemy z&nbsp;najwi\u0119kszymi nazwiskami z&nbsp;bran\u017cy, a&nbsp;tak\u017ce z&nbsp;m\u0142odymi, zdolnymi tw\u00f3rcami.\u00a0<\/span><\/p>\n<p><span style=\"font-weight: 400;\">Naszym celem jest by&nbsp;nasze filmy zdoby\u0142y serca widz\u00f3w w&nbsp;Polsce i&nbsp;nie&nbsp;tylko.<\/span><\/p>\n<p>&nbsp;<\/p>\n","protected":false},"excerpt":{"rendered":"Global Studio to&nbsp;niezale\u017cny producent filmowy. Film i&nbsp;kino to&nbsp;nasza pasja.\u00a0Pracujemy z&nbsp;najwi\u0119kszymi nazwiskami z&nbsp;bran\u017cy, a&nbsp;tak\u017ce z&nbsp;m\u0142odymi, zdolnymi tw\u00f3rcami.\u00a0 Naszym celem jest by&nbsp;nasze filmy zdoby\u0142y serca widz\u00f3w w&nbsp;Polsce i&nbsp;nie&nbsp;tylko. &nbsp;","protected":false},"author":1,"featured_media":0,"parent":2,"menu_order":0,"comment_status":"closed","ping_status":"closed","template":"template-about.php","meta":{"footnotes":""},"jetpack_sharing_enabled":true,"acf":[],"_links":{"self":[{"href":"https:\/\/globalstudio.film\/pl\/wp-json\/wp\/v2\/pages\/11"}],"collection":[{"href":"https:\/\/globalstudio.film\/pl\/wp-json\/wp\/v2\/pages"}],"about":[{"href":"https:\/\/globalstudio.film\/pl\/wp-json\/wp\/v2\/types\/page"}],"author":[{"embeddable":true,"href":"https:\/\/globalstudio.film\/pl\/wp-json\/wp\/v2\/users\/1"}],"replies":[{"embeddable":true,"href":"https:\/\/globalstudio.film\/pl\/wp-json\/wp\/v2\/comments?post=11"}],"version-history":[{"count":20,"href":"https:\/\/globalstudio.film\/pl\/wp-json\/wp\/v2\/pages\/11\/revisions"}],"predecessor-version":[{"id":842,"href":"https:\/\/globalstudio.film\/pl\/wp-json\/wp\/v2\/pages\/11\/revisions\/842"}],"up":[{"embeddable":true,"href":"https:\/\/globalstudio.film\/pl\/wp-json\/wp\/v2\/pages\/2"}],"wp:attachment":[{"href":"https:\/\/globalstudio.film\/pl\/wp-json\/wp\/v2\/media?parent=11"}],"curies":[{"name":"wp","href":"https:\/\/api.w.org\/{rel}","templated":true}]}}