{"id":2,"date":"2018-11-20T18:31:08","date_gmt":"2018-11-20T17:31:08","guid":{"rendered":"http:\/\/globalstudio.local\/?page_id=2"},"modified":"2022-03-09T16:47:39","modified_gmt":"2022-03-09T15:47:39","slug":"o-nas","status":"publish","type":"page","link":"https:\/\/globalstudio.film\/pl\/o-nas\/","title":{"rendered":"O&nbsp;nas"},"content":{"rendered":"<p>To&nbsp;jest przyk\u0142adowa strona. Strony s\u0105 inne ni\u017c wpisy na&nbsp;blogu, poniewa\u017c nie&nbsp;tylko&nbsp;znajduj\u0105 si\u0119 zawsze w&nbsp;jednym miejscu, ale&nbsp;tak\u017ce pojawiaj\u0105 si\u0119 w&nbsp;menu witryny (w&nbsp;wi\u0119kszo\u015bci motyw\u00f3w). Wi\u0119kszo\u015b\u0107 u\u017cytkownik\u00f3w umieszcza na&nbsp;swoich witrynach stron\u0119 z&nbsp;informacjami o&nbsp;sobie, dzi\u0119ki kt\u00f3rym&nbsp;przedstawiaj\u0105 si\u0119 odwiedzaj\u0105cym ich witryn\u0119. Taka strona mo\u017ce zawiera\u0107 na&nbsp;przyk\u0142ad taki tekst:<\/p>\n<blockquote><p>Cze\u015b\u0107! Za&nbsp;dnia jestem go\u0144cem, a&nbsp;noc\u0105 pr\u00f3buj\u0119 swoich si\u0142 w&nbsp;aktorstwie. To&nbsp;jest moja witryna. Mieszkam w&nbsp;Los Angeles, mam wspania\u0142ego psa, kt\u00f3ry&nbsp;wabi si\u0119 Jack i&nbsp;lubi\u0119 pi\u00f1a colad\u0119 (a&nbsp;tak\u017ce spacery, gdy&nbsp;pada deszcz).<\/p><\/blockquote>\n<p>&#8230; lub taki:<\/p>\n<blockquote><p>Firma Wihajstry XYZ zosta\u0142a za\u0142o\u017cona w&nbsp;1971 roku i&nbsp;od&nbsp;pocz\u0105tku swojego istnienia zajmuje si\u0119 produkcj\u0105 najlepszych wihajstr\u00f3w. W&nbsp;naszej siedzibie w&nbsp;Gotham City pracuje ponad 2000 os\u00f3b, kt\u00f3re zajmuj\u0105 si\u0119 robieniem ca\u0142ej masy fantastycznych rzeczy dla mieszka\u0144c\u00f3w Gotham.<\/p><\/blockquote>\n<p>Jako nowy u\u017cytkownik WordPressa powiniene\u015b przej\u015b\u0107 do&nbsp;<a href=\"http:\/\/globalstudio.local\/wp-admin\/\">swojego kokpitu<\/a>, aby usun\u0105\u0107 t\u0119 stron\u0119 i&nbsp;utworzy\u0107 nowe strony z&nbsp;w\u0142asn\u0105 tre\u015bci\u0105. Baw si\u0119 dobrze!<\/p>\n","protected":false},"excerpt":{"rendered":"To&nbsp;jest przyk\u0142adowa strona. Strony s\u0105 inne ni\u017c wpisy na&nbsp;blogu, poniewa\u017c nie&nbsp;tylko&nbsp;znajduj\u0105 si\u0119 zawsze w&nbsp;jednym miejscu, ale&nbsp;tak\u017ce pojawiaj\u0105 si\u0119 w&nbsp;menu witryny (w&nbsp;wi\u0119kszo\u015bci motyw\u00f3w). Wi\u0119kszo\u015b\u0107 u\u017cytkownik\u00f3w umieszcza na&nbsp;swoich witrynach stron\u0119 z&nbsp;informacjami o&nbsp;sobie, dzi\u0119ki kt\u00f3rym&nbsp;przedstawiaj\u0105 si\u0119 odwiedzaj\u0105cym ich witryn\u0119. Taka strona mo\u017ce zawiera\u0107 na&nbsp;przyk\u0142ad taki tekst: Cze\u015b\u0107! Za&nbsp;dnia jestem go\u0144cem, a&nbsp;noc\u0105 pr\u00f3buj\u0119 swoich si\u0142 w&nbsp;aktorstwie. To&nbsp;jest moja witryna&#8230;. <a class=\"view-article\" href=\"https:\/\/globalstudio.film\/pl\/o-nas\/\">View Article<\/a>","protected":false},"author":1,"featured_media":0,"parent":0,"menu_order":0,"comment_status":"closed","ping_status":"open","template":"template-about.php","meta":{"footnotes":""},"jetpack_sharing_enabled":true,"acf":[],"_links":{"self":[{"href":"https:\/\/globalstudio.film\/pl\/wp-json\/wp\/v2\/pages\/2"}],"collection":[{"href":"https:\/\/globalstudio.film\/pl\/wp-json\/wp\/v2\/pages"}],"about":[{"href":"https:\/\/globalstudio.film\/pl\/wp-json\/wp\/v2\/types\/page"}],"author":[{"embeddable":true,"href":"https:\/\/globalstudio.film\/pl\/wp-json\/wp\/v2\/users\/1"}],"replies":[{"embeddable":true,"href":"https:\/\/globalstudio.film\/pl\/wp-json\/wp\/v2\/comments?post=2"}],"version-history":[{"count":2,"href":"https:\/\/globalstudio.film\/pl\/wp-json\/wp\/v2\/pages\/2\/revisions"}],"predecessor-version":[{"id":6,"href":"https:\/\/globalstudio.film\/pl\/wp-json\/wp\/v2\/pages\/2\/revisions\/6"}],"wp:attachment":[{"href":"https:\/\/globalstudio.film\/pl\/wp-json\/wp\/v2\/media?parent=2"}],"curies":[{"name":"wp","href":"https:\/\/api.w.org\/{rel}","templated":true}]}}